{"id":3199,"date":"2024-02-20T18:19:37","date_gmt":"2024-02-20T18:19:37","guid":{"rendered":"https:\/\/www.electroelite.ca\/product\/onn-55-class-4k-2160p-smart-led-tv-100012586-ca\/"},"modified":"2025-08-06T16:05:09","modified_gmt":"2025-08-06T16:05:09","slug":"onn-55-class-4k-2160p-smart-led-tv-100012586-ca","status":"publish","type":"product","link":"https:\/\/www.electroelite.ca\/en\/product\/onn-55-class-4k-2160p-smart-led-tv-100012586-ca\/","title":{"rendered":"ONN. 55&Prime; Class 4K (2160p) Smart LED TV (100012586-CA)"},"content":{"rendered":"<p><b>onn. 55&Prime; Class 4K UHD HDR Roku Smart LED TV (100012586):<\/b><\/p>\n<ul>\n<li style=\"margin-bottom: 0.4em\">55&Prime; (54.6&Prime; actual diagonal) 2160p UHD LED TV<\/li>\n<li style=\"margin-bottom: 0.4em\">VESA: 400 x 200 mm<\/li>\n<li style=\"margin-bottom: 0.4em\">60 Hz refresh rate<\/li>\n<li style=\"margin-bottom: 0.4em\">2160p resolution<\/li>\n<li style=\"margin-bottom: 0.4em\">DLED display<\/li>\n<li style=\"margin-bottom: 0.4em\">Wireless streaming<\/li>\n<li style=\"margin-bottom: 0.4em\">Connections: 3 HDMI, 1 composite, 1 USB, 1 optical, 1 coaxial\/cable, 1 LAN and 1 headphone<\/li>\n<\/ul>","protected":false},"excerpt":{"rendered":"<div><\/div>\n<div>onn. 55\u2033 4K UHD HDR Roku Smart TV (100012586-CA), 4K, 3 HDMI, 60 Hz<\/div>\n<div><\/div>\n<div>\u2705 R\u00e9cup\u00e9ration disponible \u00e0 l\u2019entrep\u00f4t de Montr\u00e9al.\u00a0<\/div>","protected":false},"featured_media":3198,"template":"","meta":[],"product_cat":[184,59],"product_tag":[198,199,197,201,203,202,190,200],"class_list":{"0":"post-3199","1":"product","2":"type-product","3":"status-publish","4":"has-post-thumbnail","6":"product_cat-electronique","7":"product_cat-televiseurs","8":"product_tag-55-onn-roku-tv","9":"product_tag-55-pouces-tv","10":"product_tag-197","11":"product_tag-55-tv","12":"product_tag-electronic","13":"product_tag-roku-tv","14":"product_tag-smart-tv","15":"product_tag-television","16":"product_shipping_class-ramassage","18":"first","19":"instock","20":"taxable","21":"shipping-taxable","22":"purchasable","23":"product-type-simple"},"_links":{"self":[{"href":"https:\/\/www.electroelite.ca\/en\/wp-json\/wp\/v2\/product\/3199"}],"collection":[{"href":"https:\/\/www.electroelite.ca\/en\/wp-json\/wp\/v2\/product"}],"about":[{"href":"https:\/\/www.electroelite.ca\/en\/wp-json\/wp\/v2\/types\/product"}],"wp:featuredmedia":[{"embeddable":true,"href":"https:\/\/www.electroelite.ca\/en\/wp-json\/wp\/v2\/media\/3198"}],"wp:attachment":[{"href":"https:\/\/www.electroelite.ca\/en\/wp-json\/wp\/v2\/media?parent=3199"}],"wp:term":[{"taxonomy":"product_cat","embeddable":true,"href":"https:\/\/www.electroelite.ca\/en\/wp-json\/wp\/v2\/product_cat?post=3199"},{"taxonomy":"product_tag","embeddable":true,"href":"https:\/\/www.electroelite.ca\/en\/wp-json\/wp\/v2\/product_tag?post=3199"}],"curies":[{"name":"wp","href":"https:\/\/api.w.org\/{rel}","templated":true}]}}